{"id":1354,"date":"2025-06-05T11:22:19","date_gmt":"2025-06-05T11:22:19","guid":{"rendered":"https:\/\/walborgcowork.com\/boka-en-studio\/"},"modified":"2025-09-08T18:21:20","modified_gmt":"2025-09-08T18:21:20","slug":"boka-en-studio","status":"publish","type":"page","link":"https:\/\/walborgcowork.com\/sv\/boka-en-studio\/","title":{"rendered":"Boka en podstudio  &#8211; Podstudio i G\u00f6teborg"},"content":{"rendered":"\t\t<div data-elementor-type=\"wp-page\" data-elementor-id=\"1354\" class=\"elementor elementor-1354 elementor-14\" data-elementor-post-type=\"page\">\n\t\t\t\t<div class=\"elementor-element elementor-element-e5763c8 e-flex e-con-boxed e-con e-parent\" data-id=\"e5763c8\" data-element_type=\"container\" data-settings=\"{&quot;background_background&quot;:&quot;classic&quot;}\">\n\t\t\t\t\t<div class=\"e-con-inner\">\n\t\t\t\t<div class=\"elementor-element elementor-element-5737834 elementor-widget elementor-widget-heading\" data-id=\"5737834\" data-element_type=\"widget\" data-widget_type=\"heading.default\">\n\t\t\t\t<div class=\"elementor-widget-container\">\n\t\t\t\t\t<h2 class=\"elementor-heading-title elementor-size-default\">V\u00e5ra 2 studios i G\u00f6teborg<\/h2>\t\t\t\t<\/div>\n\t\t\t\t<\/div>\n\t\t<div class=\"elementor-element elementor-element-20e7686 e-con-full e-flex e-con e-child\" data-id=\"20e7686\" data-element_type=\"container\">\n\t\t<div class=\"elementor-element elementor-element-2efa536 e-con-full e-flex e-con e-child\" data-id=\"2efa536\" data-element_type=\"container\">\n\t\t\t\t<div class=\"elementor-element elementor-element-fe63c9c elementor-widget elementor-widget-heading\" data-id=\"fe63c9c\" data-element_type=\"widget\" data-widget_type=\"heading.default\">\n\t\t\t\t<div class=\"elementor-widget-container\">\n\t\t\t\t\t<h2 class=\"elementor-heading-title elementor-size-default\">Om Pod Studio :<\/h2>\t\t\t\t<\/div>\n\t\t\t\t<\/div>\n\t\t\t\t<div class=\"elementor-element elementor-element-2ca58a1 elementor-widget elementor-widget-text-editor\" data-id=\"2ca58a1\" data-element_type=\"widget\" data-widget_type=\"text-editor.default\">\n\t\t\t\t<div class=\"elementor-widget-container\">\n\t\t\t\t\t\t\t\t\t<p>V\u00e4lkommen till Walborgs poddstudio mitt i centrala G\u00f6teborg!<\/p><p>Vi erbjuder dig en toppmodern och l\u00e4ttillg\u00e4nglig plats f\u00f6r att skapa din egen podcast eller annat digitalt inneh\u00e5ll. Med v\u00e5rt enkla bokningssystem kan du snabbt och enkelt boka tider f\u00f6r att skapa dina egna ljudinspelningar eller videoproduktioner.<\/p><p>V\u00e5r professionella utrustning och v\u00e5ra inspelningsrum ger dig m\u00f6jlighet att f\u00e5 ljud och bild av h\u00f6g kvalitet utan att du sj\u00e4lv beh\u00f6ver investera i dyr utrustning.<\/p><p>Oavsett om du \u00e4r en etablerad poddare eller en nyb\u00f6rjare som vill prova p\u00e5, \u00e4r v\u00e5r studio tillg\u00e4nglig f\u00f6r alla som vill skapa digitalt inneh\u00e5ll. V\u00e5rt team av erfarna ljudtekniker och produktionsassistenter finns ocks\u00e5 tillg\u00e4ngliga f\u00f6r att hj\u00e4lpa dig att ta ditt inneh\u00e5ll till n\u00e4sta niv\u00e5.<\/p><p>S\u00e5 om du letar efter en inspirerande plats f\u00f6r att skapa din egen podcast eller annat digitalt inneh\u00e5ll \u00e4r v\u00e5r poddstudio det perfekta valet f\u00f6r dig!<\/p><p>Kontakta oss idag f\u00f6r att boka ditt f\u00f6rsta m\u00f6te och ta steget mot att skapa det inneh\u00e5ll du alltid har dr\u00f6mt om.<\/p>\t\t\t\t\t\t\t\t<\/div>\n\t\t\t\t<\/div>\n\t\t\t\t<div class=\"elementor-element elementor-element-6c17f07 elementor-widget elementor-widget-heading\" data-id=\"6c17f07\" data-element_type=\"widget\" data-widget_type=\"heading.default\">\n\t\t\t\t<div class=\"elementor-widget-container\">\n\t\t\t\t\t<h6 class=\"elementor-heading-title elementor-size-default\">Bes\u00f6k ocks\u00e5 v\u00e5r studiopartner f\u00f6r mer information och bilder.<\/h6>\t\t\t\t<\/div>\n\t\t\t\t<\/div>\n\t\t\t\t<div class=\"elementor-element elementor-element-5d09d83 elementor-align-left elementor-mobile-align-justify elementor-widget elementor-widget-button\" data-id=\"5d09d83\" data-element_type=\"widget\" data-widget_type=\"button.default\">\n\t\t\t\t<div class=\"elementor-widget-container\">\n\t\t\t\t\t\t\t\t\t<div class=\"elementor-button-wrapper\">\n\t\t\t\t\t<a class=\"elementor-button elementor-button-link elementor-size-sm\" href=\"https:\/\/www.breaknormmedia.com\/bnwvstudio\">\n\t\t\t\t\t\t<span class=\"elementor-button-content-wrapper\">\n\t\t\t\t\t\t\t\t\t<span class=\"elementor-button-text\">G\u00e5 till Walborg Studio<\/span>\n\t\t\t\t\t<\/span>\n\t\t\t\t\t<\/a>\n\t\t\t\t<\/div>\n\t\t\t\t\t\t\t\t<\/div>\n\t\t\t\t<\/div>\n\t\t\t\t<\/div>\n\t\t<div class=\"elementor-element elementor-element-1a2c842 e-con-full e-flex e-con e-child\" data-id=\"1a2c842\" data-element_type=\"container\">\n\t\t\t\t<div class=\"elementor-element elementor-element-66aa793 elementor-widget elementor-widget-heading\" data-id=\"66aa793\" data-element_type=\"widget\" data-widget_type=\"heading.default\">\n\t\t\t\t<div class=\"elementor-widget-container\">\n\t\t\t\t\t<h2 class=\"elementor-heading-title elementor-size-default\">Om videostudion<\/h2>\t\t\t\t<\/div>\n\t\t\t\t<\/div>\n\t\t\t\t<div class=\"elementor-element elementor-element-6e6161d elementor-widget elementor-widget-text-editor\" data-id=\"6e6161d\" data-element_type=\"widget\" data-widget_type=\"text-editor.default\">\n\t\t\t\t<div class=\"elementor-widget-container\">\n\t\t\t\t\t\t\t\t\t<p class=\"preFlex flexIn\">V\u00e4lkommen till Walborgs filmstudio mitt i centrala G\u00f6teborg!<\/p><p class=\"preFlex flexIn\">H\u00e4r f\u00e5r du tillg\u00e5ng till en toppmodern och flexibel produktionsmilj\u00f6 som ger dig m\u00f6jlighet att skapa professionellt digitalt inneh\u00e5ll med h\u00f6g kvalitet.<\/p><p class=\"preFlex flexIn\">Med v\u00e5r l\u00e4ttanv\u00e4nda bokningstj\u00e4nst kan du snabbt och enkelt boka tider f\u00f6r att skapa dina egna filmproduktioner, musikvideor, reklamfilmer och andra digitala projekt.<\/p><p class=\"preFlex flexIn\">V\u00e5r filmstudio \u00e4r utrustad med allt du beh\u00f6ver f\u00f6r att producera h\u00f6gkvalitativa filmer, inklusive professionell belysning, kamerautrustning, ljudutrustning, green screen och annan teknik. Oavsett om du \u00e4r en etablerad filmskapare eller en nyb\u00f6rjare som vill prova p\u00e5 att skapa digitalt inneh\u00e5ll \u00e4r v\u00e5r filmstudio tillg\u00e4nglig f\u00f6r alla som vill skapa film och annat digitalt inneh\u00e5ll.<\/p><p class=\"preFlex flexIn\">V\u00e5r erfarna och v\u00e4lutbildade personal finns ocks\u00e5 tillg\u00e4nglig f\u00f6r att hj\u00e4lpa dig med allt fr\u00e5n planering och id\u00e9generering till inspelning och redigering. S\u00e5 om du letar efter en inspirerande plats f\u00f6r att skapa ditt eget digitala inneh\u00e5ll \u00e4r v\u00e5r filmstudio det perfekta valet!<\/p>\t\t\t\t\t\t\t\t<\/div>\n\t\t\t\t<\/div>\n\t\t\t\t<\/div>\n\t\t\t\t<\/div>\n\t\t\t\t\t<\/div>\n\t\t\t\t<\/div>\n\t\t\t\t<div class=\"unlimited-elements-background-overlay\" data-forid=\"e5763c8\" data-location=\"back\" style=\"display:none\">\n\t\t\t<template>\n\t\t\t\n<!-- start Animated Blob Background -->\n<style>\/* widget: Animated Blob Background *\/\n\n.uc-liquid-bg{\n    position:absolute;\n    top:0;\n    left:0;\n    bottom:0;\n    right:0;\n    overflow:hidden;\n\n}\n\n#uc_blob_animation_bg_addon11617.uc-liquid-bg canvas{\n    width:100%;\n    height:100%;\n    opacity:0.5;\n}\n\n<\/style>\n\n<div id=\"uc_blob_animation_bg_addon11617\" class=\"uc-liquid-bg\"><canvas id=\"uc_blob_animation_bg_addon11617_canvas\"><\/canvas><\/div>\n<!-- Blobz -->\n<script type=\"text\/javascript\"  id=\"ue_script_blob_animation\">\n\n\/* Animated Blob Background scripts: *\/ \n\njQuery(document).ready(function(){\n\n    \"use strict\";\n    var t, i = {\n            screen: {\n                elem: null,\n                callback: null,\n                ctx: null,\n                width: 0,\n                height: 0,\n                left: 0,\n                top: 0,\n                init: function(t, i, s) {\n                    return this.elem = document.getElementById(t), this.callback = i || null, \"CANVAS\" == this.elem.tagName && (this.ctx = this.elem.getContext(\"2d\")), window.addEventListener(\"resize\", function() {\n                        this.resize()\n                    }.bind(this), !1), this.elem.onselectstart = function() {\n                        return !1\n                    }, this.elem.ondrag = function() {\n                        return !1\n                    }, s && this.resize(), this\n                },\n                resize: function() {\n                    var t = this.elem;\n                    for (this.width = t.offsetWidth, this.height = t.offsetHeight, this.left = 0, this.top = 0; null != t; t = t.offsetParent) this.left += t.offsetLeft, this.top += t.offsetTop;\n                    this.ctx && (this.elem.width = this.width, this.elem.height = this.height), this.callback && this.callback()\n                }\n            }\n        },\n        s = function(t, i) {\n            this.x = t, this.y = i, this.magnitude = t * t + i * i, this.computed = 0, this.force = 0\n        };\n    s.prototype.add = function(t) {\n        return new s(this.x + t.x, this.y + t.y)\n    };\n    var h = function(t) {\n        var i = .1,\n            h = 1.5;\n        this.vel = new s((Math.random() > .5 ? 1 : -1) * (.2 + .25 * Math.random()), (Math.random() > .5 ? 1 : -1) * (.2 + Math.random())), this.pos = new s(.2 * t.width + Math.random() * t.width * .6, .2 * t.height + Math.random() * t.height * .6), this.size = t.wh \/ 15 + (1.4 * Math.random() + .1) * (t.wh \/ 15), this.width = t.width, this.height = t.height\n    };\n    h.prototype.move = function() {\n        this.pos.x >= this.width - this.size ? (this.vel.x > 0 && (this.vel.x = -this.vel.x), this.pos.x = this.width - this.size) : this.pos.x <= this.size && (this.vel.x < 0 && (this.vel.x = -this.vel.x), this.pos.x = this.size), this.pos.y >= this.height - this.size ? (this.vel.y > 0 && (this.vel.y = -this.vel.y), this.pos.y = this.height - this.size) : this.pos.y <= this.size && (this.vel.y < 0 && (this.vel.y = -this.vel.y), this.pos.y = this.size), this.pos = this.pos.add(this.vel)\n    };\n    var e = function(t, i, e, o, n) {\n        this.step = 5, this.width = t, this.height = i, this.wh = Math.min(t, i), this.sx = Math.floor(this.width \/ this.step), this.sy = Math.floor(this.height \/ this.step), this.paint = !1, this.metaFill = r(t, i, t, o, n), this.plx = [0, 0, 1, 0, 1, 1, 1, 1, 1, 1, 0, 1, 0, 0, 0, 0], this.ply = [0, 0, 0, 0, 0, 0, 1, 0, 0, 1, 1, 1, 0, 1, 0, 1], this.mscases = [0, 3, 0, 3, 1, 3, 0, 3, 2, 2, 0, 2, 1, 1, 0], this.ix = [1, 0, -1, 0, 0, 1, 0, -1, -1, 0, 1, 0, 0, 1, 1, 0, 0, 0, 1, 1], this.grid = [], this.balls = [], this.iter = 0, this.sign = 1;\n        for (var a = 0; a < (this.sx + 2) * (this.sy + 2); a++) this.grid[a] = new s(a % (this.sx + 2) * this.step, Math.floor(a \/ (this.sx + 2)) * this.step);\n        for (var l = 0; l < e; l++) this.balls[l] = new h(this)\n    };\n    e.prototype.computeForce = function(t, i, s) {\n        var h, e = s || t + i * (this.sx + 2);\n        if (0 === t || 0 === i || t === this.sx || i === this.sy) h = .6 * this.sign;\n        else {\n            h = 0;\n            for (var r = this.grid[e], o = 0, n; n = this.balls[o++];) h += n.size * n.size \/ (-2 * r.x * n.pos.x - 2 * r.y * n.pos.y + n.pos.magnitude + r.magnitude);\n            h *= this.sign\n        }\n        return this.grid[e].force = h, h\n    }, e.prototype.marchingSquares = function(t) {\n        var i = t[0],\n            s = t[1],\n            h = t[2],\n            e = i + s * (this.sx + 2);\n        if (this.grid[e].computed === this.iter) return !1;\n        for (var r, o = 0, n = 0; n < 4; n++) {\n            var l = i + this.ix[n + 12] + (s + this.ix[n + 16]) * (this.sx + 2),\n                d = this.grid[l].force;\n            (d > 0 && this.sign < 0 || d < 0 && this.sign > 0 || !d) && (d = this.computeForce(i + this.ix[n + 12], s + this.ix[n + 16], l)), Math.abs(d) > 1 && (o += Math.pow(2, n))\n        }\n        if (15 === o) return [i, s - 1, !1];\n        5 === o ? r = 2 === h ? 3 : 1 : 10 === o ? r = 3 === h ? 0 : 2 : (r = this.mscases[o], this.grid[e].computed = this.iter);\n        var p = this.step \/ (Math.abs(Math.abs(this.grid[i + this.plx[4 * r + 2] + (s + this.ply[4 * r + 2]) * (this.sx + 2)].force) - 1) \/ Math.abs(Math.abs(this.grid[i + this.plx[4 * r + 3] + (s + this.ply[4 * r + 3]) * (this.sx + 2)].force) - 1) + 1);\n        return a.lineTo(this.grid[i + this.plx[4 * r] + (s + this.ply[4 * r]) * (this.sx + 2)].x + this.ix[r] * p, this.grid[i + this.plx[4 * r + 1] + (s + this.ply[4 * r + 1]) * (this.sx + 2)].y + this.ix[r + 4] * p), this.paint = !0, [i + this.ix[r + 4], s + this.ix[r + 8], r]\n    }, e.prototype.renderMetaballs = function() {\n        for (var t = 0, i; i = this.balls[t++];) i.move();\n        for (this.iter++, this.sign = -this.sign, this.paint = !1, a.fillStyle = this.metaFill, a.beginPath(), t = 0; i = this.balls[t++];) {\n            var s = [Math.round(i.pos.x \/ this.step), Math.round(i.pos.y \/ this.step), !1];\n            do {\n                s = this.marchingSquares(s)\n            } while (s);\n            this.paint && (a.fill(), a.closePath(), a.beginPath(), this.paint = !1)\n        }\n    };\n    var r = function(t, i, s, h, e) {\n            var r = a.createRadialGradient(t \/ 1, i \/ 1, 0, t \/ 1, i \/ 1, s);\n            return r.addColorStop(0, h), r.addColorStop(1, e), r\n        },\n        o = function() {\n            requestAnimationFrame(o), a.clearRect(0, 0, n.width, n.height), t.renderMetaballs()\n        },\n        n = i.screen.init(\"uc_blob_animation_bg_addon11617_canvas\", null, !0),\n        a = n.ctx;\n    n.resize(), t = new e(n.width, n.height, 6, \"#B12CCF\", \"#B12CCF\"), o()\n\n});\n<\/script>\n<!-- end Animated Blob Background -->\t\t\t<\/template>\n\t\t<\/div>\n\t\t\n\t\t\t\t<\/div>\n\t\t","protected":false},"excerpt":{"rendered":"<p>V\u00e5ra 2 studios i G\u00f6teborg Om Pod Studio : V\u00e4lkommen till Walborgs poddstudio mitt i centrala G\u00f6teborg! Vi erbjuder dig en toppmodern och l\u00e4ttillg\u00e4nglig plats f\u00f6r att skapa din egen podcast eller annat digitalt inneh\u00e5ll. Med v\u00e5rt enkla bokningssystem kan du snabbt och enkelt boka tider f\u00f6r att skapa dina egna ljudinspelningar eller videoproduktioner. V\u00e5r [&hellip;]<\/p>\n","protected":false},"author":1,"featured_media":0,"parent":0,"menu_order":0,"comment_status":"closed","ping_status":"closed","template":"","meta":{"_seopress_robots_primary_cat":"","_seopress_titles_title":"Boka podstudio - Podsdstudio i G\u00f6teborg","_seopress_titles_desc":"V\u00e4lkommen till Walborgs poddstudio i G\u00f6teborg! Vi erbjuder dig en toppmodern plats f\u00f6r dig att podda ifr\u00e5n. Vi ligger centralt och g\u00e5r att boka enkelt.","_seopress_robots_index":"","footnotes":""},"class_list":["post-1354","page","type-page","status-publish","hentry"],"_links":{"self":[{"href":"https:\/\/walborgcowork.com\/sv\/wp-json\/wp\/v2\/pages\/1354","targetHints":{"allow":["GET"]}}],"collection":[{"href":"https:\/\/walborgcowork.com\/sv\/wp-json\/wp\/v2\/pages"}],"about":[{"href":"https:\/\/walborgcowork.com\/sv\/wp-json\/wp\/v2\/types\/page"}],"author":[{"embeddable":true,"href":"https:\/\/walborgcowork.com\/sv\/wp-json\/wp\/v2\/users\/1"}],"replies":[{"embeddable":true,"href":"https:\/\/walborgcowork.com\/sv\/wp-json\/wp\/v2\/comments?post=1354"}],"version-history":[{"count":5,"href":"https:\/\/walborgcowork.com\/sv\/wp-json\/wp\/v2\/pages\/1354\/revisions"}],"predecessor-version":[{"id":1680,"href":"https:\/\/walborgcowork.com\/sv\/wp-json\/wp\/v2\/pages\/1354\/revisions\/1680"}],"wp:attachment":[{"href":"https:\/\/walborgcowork.com\/sv\/wp-json\/wp\/v2\/media?parent=1354"}],"curies":[{"name":"wp","href":"https:\/\/api.w.org\/{rel}","templated":true}]}}