{"id":1362,"date":"2025-06-05T11:22:52","date_gmt":"2025-06-05T11:22:52","guid":{"rendered":"https:\/\/walborgcowork.com\/kontakt\/"},"modified":"2026-02-03T17:49:29","modified_gmt":"2026-02-03T17:49:29","slug":"kontakt","status":"publish","type":"page","link":"https:\/\/walborgcowork.com\/sv\/kontakt\/","title":{"rendered":"Kontakt"},"content":{"rendered":"\t\t<div data-elementor-type=\"wp-page\" data-elementor-id=\"1362\" class=\"elementor elementor-1362 elementor-18\" data-elementor-post-type=\"page\">\n\t\t\t\t<div class=\"elementor-element elementor-element-dbf81c8 e-con-full e-flex e-con e-parent\" data-id=\"dbf81c8\" data-element_type=\"container\" data-settings=\"{&quot;background_background&quot;:&quot;classic&quot;}\">\n\t\t\t\t<div class=\"elementor-element elementor-element-cda050e elementor-widget elementor-widget-ucaddon_list_marquee\" data-id=\"cda050e\" data-element_type=\"widget\" data-widget_type=\"ucaddon_list_marquee.default\">\n\t\t\t\t<div class=\"elementor-widget-container\">\n\t\t\t\t\t\n<!-- start List Marquee -->\n\t\t<link id='font-awesome-css' href='https:\/\/walborgcowork.com\/wp-content\/plugins\/unlimited-elements-for-elementor-premium\/assets_libraries\/font-awesome6\/fontawesome-all.min.css' type='text\/css' rel='stylesheet' >\n\t\t<link id='font-awesome-4-shim-css' href='https:\/\/walborgcowork.com\/wp-content\/plugins\/unlimited-elements-for-elementor-premium\/assets_libraries\/font-awesome6\/fontawesome-v4-shims.min.css' type='text\/css' rel='stylesheet' >\n\n<style>\/* widget: List Marquee *\/\n\n#uc_list_marquee_elementor_cda050e {\n  box-sizing: border-box;\n  display: flex;\n  align-items: center;\n  overflow: hidden;\n  direction:ltr;\n}\n\n#uc_list_marquee_elementor_cda050e .ue-marquee-content {\n  display: flex;\n  will-change: transform;\n  animation: marqueeuc_list_marquee_elementor_cda050e 50s linear infinite running;\n  animation-delay: 250ms;\n  }\n\n\n#uc_list_marquee_elementor_cda050e .ue-marquee-tag {\n  width: auto;\n  display: flex;\n  align-items: center;\n  justify-content: center;\n  transition: all 0.2s ease;\n  white-space: nowrap;\n  direction:ltr;\n}\n\n#uc_list_marquee_elementor_cda050e .ue-marquee-tag a {\n  display: flex;\n  align-items: center;\n  justify-content: center;\n  white-space: nowrap;\n  -webkit-text-stroke: 0px ;\n}\n#uc_list_marquee_elementor_cda050e .ue-marquee-graphic{\n  overflow:hidden;\n}\n#uc_list_marquee_elementor_cda050e .ue-marquee-tag-icon {\n  flex-grow: 0;   \n  flex-shrink: 0;\n  line-height:1em;\n}\n#uc_list_marquee_elementor_cda050e .ue-marquee-tag-image {\n  flex-grow: 0;   \n  flex-shrink: 0;\n  line-height:1em;\n}\n\n#uc_list_marquee_elementor_cda050e .ue_marq_text_wrap{\n  display:flex;\n  flex-direction: row;\n  align-items: center;\n  }\n\n@keyframes marqueeuc_list_marquee_elementor_cda050e {\n  0% {\n \t-webkit-transform: translateX(0);\n    transform: translateX(0);\n  }\n  100% {\n    -webkit-transform: translate(-50%);\n    transform: translate(-50%);\n  }\n}\n\n@keyframes marquee-reverseuc_list_marquee_elementor_cda050e {\n  0% {\n \t-webkit-transform: translateX(-50%);\n    transform: translateX(-50%);\n  }\n  100% {\n    -webkit-transform: translate(0%);\n    transform: translate(0%);\n  }\n}\n\n@keyframes marquee-upuc_list_marquee_elementor_cda050e {\n\tfrom {transform: translate(0, 25%)}\n\tto {transform: translate(0, -25%)}\n}\n\n@keyframes marquee-downuc_list_marquee_elementor_cda050e {\n\tfrom {transform: translate(0, -25%)}\n\tto {transform: translate(0, 25%)}\n}\n\n<\/style>\n\n<div class=\"ue-marquee \" id=\"uc_list_marquee_elementor_cda050e\" >\n  <div class=\"ue-marquee-content uc-items-wrapper\">\n    <div class=\"ue-marquee-tag\">\n  <a href=\"#\" >\n            \n    <div class=\"ue_marq_text_wrap\">\n      Ta kontakt med oss\n              <div class=\"ue_marq_separator\">-<\/div>\n        <div class=\"ue_marq_desc\">\/\/\/<\/div>\n          <\/div>\n    \n  <\/a>\n<\/div>\n\n  <\/div>\n<\/div>\n<!-- end List Marquee -->\t\t\t\t<\/div>\n\t\t\t\t<\/div>\n\t\t<div class=\"elementor-element elementor-element-a98dffc e-flex e-con-boxed e-con e-child\" data-id=\"a98dffc\" data-element_type=\"container\">\n\t\t\t\t\t<div class=\"e-con-inner\">\n\t\t<div class=\"elementor-element elementor-element-de6ed2e e-con-full e-flex e-con e-child\" data-id=\"de6ed2e\" data-element_type=\"container\">\n\t\t\t\t<div class=\"elementor-element elementor-element-4862254 elementor-widget elementor-widget-image-box\" data-id=\"4862254\" data-element_type=\"widget\" data-widget_type=\"image-box.default\">\n\t\t\t\t<div class=\"elementor-widget-container\">\n\t\t\t\t\t<div class=\"elementor-image-box-wrapper\"><div class=\"elementor-image-box-content\"><h3 class=\"elementor-image-box-title\">ADRESSA<\/h3><p class=\"elementor-image-box-description\">Walborg Cowork&amp;Community <br>Magasinsgatan 1<br>\nG\u00e5 in fr\u00e5n Otterh\u00e4llegatan 2<br>411 18 G\u00f6teborg<br><\/p><\/div><\/div>\t\t\t\t<\/div>\n\t\t\t\t<\/div>\n\t\t\t\t<div class=\"elementor-element elementor-element-c51f38d elementor-widget elementor-widget-image-box\" data-id=\"c51f38d\" data-element_type=\"widget\" data-widget_type=\"image-box.default\">\n\t\t\t\t<div class=\"elementor-widget-container\">\n\t\t\t\t\t<div class=\"elementor-image-box-wrapper\"><div class=\"elementor-image-box-content\"><h3 class=\"elementor-image-box-title\">KONTAKT F\u00d6R NYTT KONTOR<\/h3><p class=\"elementor-image-box-description\">\u00c4gare &amp; grundare <br>Jens \u00d8stgaard <br>+46 73 650 55 90<\/p><\/div><\/div>\t\t\t\t<\/div>\n\t\t\t\t<\/div>\n\t\t\t\t<div class=\"elementor-element elementor-element-47c28fa elementor-widget elementor-widget-image-box\" data-id=\"47c28fa\" data-element_type=\"widget\" data-widget_type=\"image-box.default\">\n\t\t\t\t<div class=\"elementor-widget-container\">\n\t\t\t\t\t<div class=\"elementor-image-box-wrapper\"><div class=\"elementor-image-box-content\"><h3 class=\"elementor-image-box-title\">KONTAKTMOTTAGNING<\/h3><p class=\"elementor-image-box-description\">Kontorschef <br>Johanna \u00d6mar <br>+46 735 04 18 93  <\/p><\/div><\/div>\t\t\t\t<\/div>\n\t\t\t\t<\/div>\n\t\t\t\t<\/div>\n\t\t\t\t\t<\/div>\n\t\t\t\t<\/div>\n\t\t<div class=\"elementor-element elementor-element-eed7f29 e-flex e-con-boxed e-con e-child\" data-id=\"eed7f29\" data-element_type=\"container\">\n\t\t\t\t\t<div class=\"e-con-inner\">\n\t\t<div class=\"elementor-element elementor-element-5050657 e-con-full e-flex e-con e-child\" data-id=\"5050657\" data-element_type=\"container\">\n\t\t\t\t<div class=\"elementor-element elementor-element-b817980 elementor-widget elementor-widget-heading\" data-id=\"b817980\" data-element_type=\"widget\" data-widget_type=\"heading.default\">\n\t\t\t\t<div class=\"elementor-widget-container\">\n\t\t\t\t\t<h2 class=\"elementor-heading-title elementor-size-default\">Av n\u00e5gon anledning blev du intresserad av v\u00e5rt syfte, v\u00e5ra priser eller v\u00e5rt dr\u00f6mlika l\u00e4ge.  <\/h2>\t\t\t\t<\/div>\n\t\t\t\t<\/div>\n\t\t\t\t<div class=\"elementor-element elementor-element-6f4d990 elementor-widget elementor-widget-heading\" data-id=\"6f4d990\" data-element_type=\"widget\" data-widget_type=\"heading.default\">\n\t\t\t\t<div class=\"elementor-widget-container\">\n\t\t\t\t\t<h2 class=\"elementor-heading-title elementor-size-default\">J\u00e4ttebra. Vi ser fram emot din ans\u00f6kan. <\/h2>\t\t\t\t<\/div>\n\t\t\t\t<\/div>\n\t\t\t\t<div class=\"elementor-element elementor-element-c3aaf42 elementor-widget-divider--view-line elementor-widget elementor-widget-divider\" data-id=\"c3aaf42\" data-element_type=\"widget\" data-widget_type=\"divider.default\">\n\t\t\t\t<div class=\"elementor-widget-container\">\n\t\t\t\t\t\t\t<div class=\"elementor-divider\">\n\t\t\t<span class=\"elementor-divider-separator\">\n\t\t\t\t\t\t<\/span>\n\t\t<\/div>\n\t\t\t\t\t\t<\/div>\n\t\t\t\t<\/div>\n\t\t\t\t<div class=\"elementor-element elementor-element-b8b1322 elementor-widget elementor-widget-text-editor\" data-id=\"b8b1322\" data-element_type=\"widget\" data-widget_type=\"text-editor.default\">\n\t\t\t\t<div class=\"elementor-widget-container\">\n\t\t\t\t\t\t\t\t\t<p class=\"sqsrte-small preFlex flexIn\">Roliga fakta. Visste du att grundaren av Walborg tillbringade 2 \u00e5r med att studera bara n\u00e5gra kvarter fr\u00e5n Villa di Careggi, d\u00e4r den riktiga Leonardo Da Vinci ofta h\u00e4ngde med sina ren\u00e4ssanskollegor. <\/p><p class=\"sqsrte-small preFlex flexIn\">Att ta del av de senaste nyheterna och diskutera med ambiti\u00f6sa v\u00e4nner under sena middagar var lika viktigt d\u00e5 som nu.<\/p>\t\t\t\t\t\t\t\t<\/div>\n\t\t\t\t<\/div>\n\t\t\t\t<\/div>\n\t\t<div class=\"elementor-element elementor-element-3347e29 e-con-full e-flex e-con e-child\" data-id=\"3347e29\" data-element_type=\"container\">\n\t\t\t\t<div class=\"elementor-element elementor-element-cbd02a8 elementor-button-align-end elementor-mobile-button-align-stretch elementor-widget elementor-widget-form\" data-id=\"cbd02a8\" data-element_type=\"widget\" data-settings=\"{&quot;step_next_label&quot;:&quot;N\\u00e4sta&quot;,&quot;step_previous_label&quot;:&quot;F\\u00f6reg\\u00e5ende&quot;,&quot;button_width&quot;:&quot;100&quot;,&quot;step_type&quot;:&quot;number_text&quot;,&quot;step_icon_shape&quot;:&quot;circle&quot;}\" data-widget_type=\"form.default\">\n\t\t\t\t<div class=\"elementor-widget-container\">\n\t\t\t\t\t\t\t<form class=\"elementor-form\" method=\"post\" name=\"Nytt formul\u00e4r\" aria-label=\"Nytt formul\u00e4r\">\n\t\t\t<input type=\"hidden\" name=\"post_id\" value=\"1362\"\/>\n\t\t\t<input type=\"hidden\" name=\"form_id\" value=\"cbd02a8\"\/>\n\t\t\t<input type=\"hidden\" name=\"referer_title\" value=\"\" \/>\n\n\t\t\t\n\t\t\t<div class=\"elementor-form-fields-wrapper elementor-labels-above\">\n\t\t\t\t\t\t\t\t<div class=\"elementor-field-type-text elementor-field-group elementor-column elementor-field-group-name elementor-col-100 elementor-field-required\">\n\t\t\t\t\t\t\t\t\t\t\t\t<label for=\"form-field-name\" class=\"elementor-field-label\">\n\t\t\t\t\t\t\t\tTelefon  \t\t\t\t\t\t\t<\/label>\n\t\t\t\t\t\t\t\t\t\t\t\t\t\t<input size=\"1\" type=\"text\" name=\"form_fields[name]\" id=\"form-field-name\" class=\"elementor-field elementor-size-sm  elementor-field-textual\" placeholder=\"Telefon\" required=\"required\">\n\t\t\t\t\t\t\t\t\t\t\t<\/div>\n\t\t\t\t\t\t\t\t<div class=\"elementor-field-type-email elementor-field-group elementor-column elementor-field-group-submittemail elementor-col-100 elementor-field-required\">\n\t\t\t\t\t\t\t\t\t\t\t\t<label for=\"form-field-submittemail\" class=\"elementor-field-label\">\n\t\t\t\t\t\t\t\tE-post\t\t\t\t\t\t\t<\/label>\n\t\t\t\t\t\t\t\t\t\t\t\t\t\t<input size=\"1\" type=\"email\" name=\"form_fields[submittemail]\" id=\"form-field-submittemail\" class=\"elementor-field elementor-size-sm  elementor-field-textual\" placeholder=\"E-post\" required=\"required\">\n\t\t\t\t\t\t\t\t\t\t\t<\/div>\n\t\t\t\t\t\t\t\t<div class=\"elementor-field-type-textarea elementor-field-group elementor-column elementor-field-group-message elementor-col-100\">\n\t\t\t\t\t\t\t\t\t\t\t\t<label for=\"form-field-message\" class=\"elementor-field-label\">\n\t\t\t\t\t\t\t\tMeddelande\t\t\t\t\t\t\t<\/label>\n\t\t\t\t\t\t<textarea class=\"elementor-field-textual elementor-field  elementor-size-sm\" name=\"form_fields[message]\" id=\"form-field-message\" rows=\"4\" placeholder=\"Meddelande\"><\/textarea>\t\t\t\t<\/div>\n\t\t\t\t\t\t\t\t<div class=\"elementor-field-type-textarea elementor-field-group elementor-column elementor-field-group-field_bfc9f4d elementor-col-100\">\n\t\t\t\t\t\t\t\t\t\t\t\t<label for=\"form-field-field_bfc9f4d\" class=\"elementor-field-label\">\n\t\t\t\t\t\t\t\tHur h\u00f6rde du talas om oss?\t\t\t\t\t\t\t<\/label>\n\t\t\t\t\t\t<textarea class=\"elementor-field-textual elementor-field  elementor-size-sm\" name=\"form_fields[field_bfc9f4d]\" id=\"form-field-field_bfc9f4d\" rows=\"4\" placeholder=\"En v\u00e4n, en AD eller n\u00e5gon annan\"><\/textarea>\t\t\t\t<\/div>\n\t\t\t\t\t\t\t\t<div class=\"elementor-field-type-recaptcha_v3 elementor-field-group elementor-column elementor-field-group-field_9fc27ea elementor-col-100 recaptcha_v3-bottomright\">\n\t\t\t\t\t<div class=\"elementor-field\" id=\"form-field-field_9fc27ea\"><div class=\"elementor-g-recaptcha\" data-sitekey=\"6LfM3rIrAAAAAHdosz5g54i015Ko_iepkyt01rCd\" data-type=\"v3\" data-action=\"Form\" data-badge=\"bottomright\" data-size=\"invisible\"><\/div><\/div>\t\t\t\t<\/div>\n\t\t\t\t\t\t\t\t<div class=\"elementor-field-group elementor-column elementor-field-type-submit elementor-col-100 e-form__buttons\">\n\t\t\t\t\t<button class=\"elementor-button elementor-size-sm\" type=\"submit\">\n\t\t\t\t\t\t<span class=\"elementor-button-content-wrapper\">\n\t\t\t\t\t\t\t\t\t\t\t\t\t\t\t\t\t\t\t\t\t\t<span class=\"elementor-button-text\">Skicka in<\/span>\n\t\t\t\t\t\t\t\t\t\t\t\t\t<\/span>\n\t\t\t\t\t<\/button>\n\t\t\t\t<\/div>\n\t\t\t<\/div>\n\t\t<\/form>\n\t\t\t\t\t\t<\/div>\n\t\t\t\t<\/div>\n\t\t\t\t<\/div>\n\t\t\t\t\t<\/div>\n\t\t\t\t<\/div>\n\t\t\t\t<\/div>\n\t\t\t\t<\/div>\n\t\t","protected":false},"excerpt":{"rendered":"<p>Ta kontakt med oss &#8211; \/\/\/ ADRESSA Walborg Cowork&amp;Community Magasinsgatan 1 G\u00e5 in fr\u00e5n Otterh\u00e4llegatan 2411 18 G\u00f6teborg KONTAKT F\u00d6R NYTT KONTOR \u00c4gare &amp; grundare Jens \u00d8stgaard +46 73 650 55 90 KONTAKTMOTTAGNING Kontorschef Johanna \u00d6mar +46 735 04 18 93 Av n\u00e5gon anledning blev du intresserad av v\u00e5rt syfte, v\u00e5ra priser eller v\u00e5rt dr\u00f6mlika [&hellip;]<\/p>\n","protected":false},"author":1,"featured_media":0,"parent":0,"menu_order":0,"comment_status":"closed","ping_status":"closed","template":"","meta":{"_seopress_robots_primary_cat":"","_seopress_titles_title":"","_seopress_titles_desc":"","_seopress_robots_index":"","footnotes":""},"class_list":["post-1362","page","type-page","status-publish","hentry"],"_links":{"self":[{"href":"https:\/\/walborgcowork.com\/sv\/wp-json\/wp\/v2\/pages\/1362","targetHints":{"allow":["GET"]}}],"collection":[{"href":"https:\/\/walborgcowork.com\/sv\/wp-json\/wp\/v2\/pages"}],"about":[{"href":"https:\/\/walborgcowork.com\/sv\/wp-json\/wp\/v2\/types\/page"}],"author":[{"embeddable":true,"href":"https:\/\/walborgcowork.com\/sv\/wp-json\/wp\/v2\/users\/1"}],"replies":[{"embeddable":true,"href":"https:\/\/walborgcowork.com\/sv\/wp-json\/wp\/v2\/comments?post=1362"}],"version-history":[{"count":26,"href":"https:\/\/walborgcowork.com\/sv\/wp-json\/wp\/v2\/pages\/1362\/revisions"}],"predecessor-version":[{"id":2197,"href":"https:\/\/walborgcowork.com\/sv\/wp-json\/wp\/v2\/pages\/1362\/revisions\/2197"}],"wp:attachment":[{"href":"https:\/\/walborgcowork.com\/sv\/wp-json\/wp\/v2\/media?parent=1362"}],"curies":[{"name":"wp","href":"https:\/\/api.w.org\/{rel}","templated":true}]}}