{"id":1371,"date":"2025-06-05T11:21:52","date_gmt":"2025-06-05T11:21:52","guid":{"rendered":"https:\/\/walborgcowork.com\/hall-en-workshop\/"},"modified":"2025-09-09T07:46:05","modified_gmt":"2025-09-09T07:46:05","slug":"hall-en-workshop","status":"publish","type":"page","link":"https:\/\/walborgcowork.com\/sv\/hall-en-workshop\/","title":{"rendered":"Boka konferensrum i G\u00f6teborg"},"content":{"rendered":"\t\t<div data-elementor-type=\"wp-page\" data-elementor-id=\"1371\" class=\"elementor elementor-1371 elementor-12\" data-elementor-post-type=\"page\">\n\t\t\t\t<div class=\"elementor-element elementor-element-5098888 e-con-full e-flex e-con e-parent\" data-id=\"5098888\" data-element_type=\"container\" data-settings=\"{&quot;background_background&quot;:&quot;classic&quot;}\">\n\t\t\t\t<div class=\"elementor-element elementor-element-53f4b97 elementor-widget elementor-widget-heading\" data-id=\"53f4b97\" data-element_type=\"widget\" data-widget_type=\"heading.default\">\n\t\t\t\t<div class=\"elementor-widget-container\">\n\t\t\t\t\t<h1 class=\"elementor-heading-title elementor-size-default\">Boka v\u00e5ra kreativa <br>konferensrum  i G\u00f6teborg<\/h1>\t\t\t\t<\/div>\n\t\t\t\t<\/div>\n\t\t\t\t<div class=\"elementor-element elementor-element-3dd5f3f elementor-widget elementor-widget-text-editor\" data-id=\"3dd5f3f\" data-element_type=\"widget\" data-widget_type=\"text-editor.default\">\n\t\t\t\t<div class=\"elementor-widget-container\">\n\t\t\t\t\t\t\t\t\t<p>V\u00e5ra konferensrum i G\u00f6teborg centrum har alla\u00a0<\/p>\t\t\t\t\t\t\t\t<\/div>\n\t\t\t\t<\/div>\n\t\t\t\t<\/div>\n\t\t<div class=\"elementor-element elementor-element-e69409b e-flex e-con-boxed e-con e-parent\" data-id=\"e69409b\" data-element_type=\"container\">\n\t\t\t\t\t<div class=\"e-con-inner\">\n\t\t\t\t<div class=\"elementor-element elementor-element-d3e185c e-n-tabs-mobile elementor-widget elementor-widget-n-tabs\" data-id=\"d3e185c\" data-element_type=\"widget\" data-settings=\"{&quot;horizontal_scroll&quot;:&quot;disable&quot;}\" data-widget_type=\"nested-tabs.default\">\n\t\t\t\t<div class=\"elementor-widget-container\">\n\t\t\t\t\t\t\t<div class=\"e-n-tabs\" data-widget-number=\"222173276\" aria-label=\"Flikar. \u00d6ppna objekt med enter eller mellanslag, st\u00e4ng med escape och navigera med piltangenterna.\">\n\t\t\t<div class=\"e-n-tabs-heading\" role=\"tablist\">\n\t\t\t\t\t<button id=\"e-n-tab-title-2221732761\" data-tab-title-id=\"e-n-tab-title-2221732761\" class=\"e-n-tab-title\" aria-selected=\"true\" data-tab-index=\"1\" role=\"tab\" tabindex=\"0\" aria-controls=\"e-n-tab-content-2221732761\" style=\"--n-tabs-title-order: 1;\">\n\t\t\t\t\t\t<span class=\"e-n-tab-title-text\">\n\t\t\t\tKonferensrum Mira, 2-3 pers\t\t\t<\/span>\n\t\t<\/button>\n\t\t\t\t<button id=\"e-n-tab-title-2221732762\" data-tab-title-id=\"e-n-tab-title-2221732762\" class=\"e-n-tab-title\" aria-selected=\"false\" data-tab-index=\"2\" role=\"tab\" tabindex=\"-1\" aria-controls=\"e-n-tab-content-2221732762\" style=\"--n-tabs-title-order: 2;\">\n\t\t\t\t\t\t<span class=\"e-n-tab-title-text\">\n\t\t\t\tKonferensrum Ulla, 2-3 pers\t\t\t<\/span>\n\t\t<\/button>\n\t\t\t\t<button id=\"e-n-tab-title-2221732763\" data-tab-title-id=\"e-n-tab-title-2221732763\" class=\"e-n-tab-title\" aria-selected=\"false\" data-tab-index=\"3\" role=\"tab\" tabindex=\"-1\" aria-controls=\"e-n-tab-content-2221732763\" style=\"--n-tabs-title-order: 3;\">\n\t\t\t\t\t\t<span class=\"e-n-tab-title-text\">\n\t\t\t\tKonferensrum Ida, 4-6 pers \t\t\t<\/span>\n\t\t<\/button>\n\t\t\t\t<button id=\"e-n-tab-title-2221732764\" data-tab-title-id=\"e-n-tab-title-2221732764\" class=\"e-n-tab-title\" aria-selected=\"false\" data-tab-index=\"4\" role=\"tab\" tabindex=\"-1\" aria-controls=\"e-n-tab-content-2221732764\" style=\"--n-tabs-title-order: 4;\">\n\t\t\t\t\t\t<span class=\"e-n-tab-title-text\">\n\t\t\t\tKonferensrum Tess, 2-3 pers 6-8 pers \t\t\t<\/span>\n\t\t<\/button>\n\t\t\t\t<button id=\"e-n-tab-title-2221732765\" data-tab-title-id=\"e-n-tab-title-2221732765\" class=\"e-n-tab-title\" aria-selected=\"false\" data-tab-index=\"5\" role=\"tab\" tabindex=\"-1\" aria-controls=\"e-n-tab-content-2221732765\" style=\"--n-tabs-title-order: 5;\">\n\t\t\t\t\t\t<span class=\"e-n-tab-title-text\">\n\t\t\t\tKonferensrum Nico, 16-18 pers\t\t\t<\/span>\n\t\t<\/button>\n\t\t\t\t<button id=\"e-n-tab-title-2221732766\" data-tab-title-id=\"e-n-tab-title-2221732766\" class=\"e-n-tab-title\" aria-selected=\"false\" data-tab-index=\"6\" role=\"tab\" tabindex=\"-1\" aria-controls=\"e-n-tab-content-2221732766\" style=\"--n-tabs-title-order: 6;\">\n\t\t\t\t\t\t<span class=\"e-n-tab-title-text\">\n\t\t\t\tWorkshoprum\/creativtrum Bollhavet, 8-12pers\t\t\t<\/span>\n\t\t<\/button>\n\t\t\t\t<button id=\"e-n-tab-title-2221732767\" data-tab-title-id=\"e-n-tab-title-2221732767\" class=\"e-n-tab-title\" aria-selected=\"false\" data-tab-index=\"7\" role=\"tab\" tabindex=\"-1\" aria-controls=\"e-n-tab-content-2221732767\" style=\"--n-tabs-title-order: 7;\">\n\t\t\t\t\t\t<span class=\"e-n-tab-title-text\">\n\t\t\t\tEvent lounge Innerg\u00e5rden, 150 pers\t\t\t<\/span>\n\t\t<\/button>\n\t\t\t\t\t<\/div>\n\t\t\t<div class=\"e-n-tabs-content\">\n\t\t\t\t<div id=\"e-n-tab-content-2221732761\" role=\"tabpanel\" aria-labelledby=\"e-n-tab-title-2221732761\" data-tab-index=\"1\" style=\"--n-tabs-title-order: 1;\" class=\"e-active elementor-element elementor-element-d2ddaaf e-con-full e-flex e-con e-child\" data-id=\"d2ddaaf\" data-element_type=\"container\">\n\t\t\t\t<div class=\"elementor-element elementor-element-2eee36d elementor-widget elementor-widget-html\" data-id=\"2eee36d\" data-element_type=\"widget\" data-widget_type=\"html.default\">\n\t\t\t\t<div class=\"elementor-widget-container\">\n\t\t\t\t\t<iframe src=\"https:\/\/boka.se\/calendars\/tgpfmz6b#resourceId=nmy3ki57\" width=\"1100\" height=\"1200\" frameborder=\"0\" scrolling=\"auto\"><\/iframe>\t\t\t\t<\/div>\n\t\t\t\t<\/div>\n\t\t\t\t<\/div>\n\t\t<div id=\"e-n-tab-content-2221732762\" role=\"tabpanel\" aria-labelledby=\"e-n-tab-title-2221732762\" data-tab-index=\"2\" style=\"--n-tabs-title-order: 2;\" class=\" elementor-element elementor-element-28ceabe e-con-full e-flex e-con e-child\" data-id=\"28ceabe\" data-element_type=\"container\">\n\t\t\t\t<div class=\"elementor-element elementor-element-bd9e0b0 elementor-widget elementor-widget-html\" data-id=\"bd9e0b0\" data-element_type=\"widget\" data-widget_type=\"html.default\">\n\t\t\t\t<div class=\"elementor-widget-container\">\n\t\t\t\t\t\n<iframe src=\"https:\/\/boka.se\/calendars\/tgpfmz6b#resourceId=qkt2m7y6\" width=\"1100\" height=\"1500\" frameborder=\"0\" scrolling=\"auto\"><\/iframe>\t\t\t\t<\/div>\n\t\t\t\t<\/div>\n\t\t\t\t<\/div>\n\t\t<div id=\"e-n-tab-content-2221732763\" role=\"tabpanel\" aria-labelledby=\"e-n-tab-title-2221732763\" data-tab-index=\"3\" style=\"--n-tabs-title-order: 3;\" class=\" elementor-element elementor-element-7d8ff32 e-con-full e-flex e-con e-child\" data-id=\"7d8ff32\" data-element_type=\"container\">\n\t\t\t\t<div class=\"elementor-element elementor-element-c9dd4de elementor-widget elementor-widget-html\" data-id=\"c9dd4de\" data-element_type=\"widget\" data-widget_type=\"html.default\">\n\t\t\t\t<div class=\"elementor-widget-container\">\n\t\t\t\t\t\n<iframe src=\"https:\/\/boka.se\/calendars\/tgpfmz6b#resourceId=nhxr39bf\" width=\"1100\" height=\"1500\" frameborder=\"0\" scrolling=\"auto\"><\/iframe>\t\t\t\t<\/div>\n\t\t\t\t<\/div>\n\t\t\t\t<\/div>\n\t\t<div id=\"e-n-tab-content-2221732764\" role=\"tabpanel\" aria-labelledby=\"e-n-tab-title-2221732764\" data-tab-index=\"4\" style=\"--n-tabs-title-order: 4;\" class=\" elementor-element elementor-element-b4a1da1 e-con-full e-flex e-con e-child\" data-id=\"b4a1da1\" data-element_type=\"container\">\n\t\t\t\t<div class=\"elementor-element elementor-element-3ddc3ed elementor-widget elementor-widget-html\" data-id=\"3ddc3ed\" data-element_type=\"widget\" data-widget_type=\"html.default\">\n\t\t\t\t<div class=\"elementor-widget-container\">\n\t\t\t\t\t\n<iframe src=\"https:\/\/boka.se\/calendars\/tgpfmz6b#resourceId=8c7vjnpt\" width=\"1100\" height=\"1500\" frameborder=\"0\" scrolling=\"auto\"><\/iframe>\t\t\t\t<\/div>\n\t\t\t\t<\/div>\n\t\t\t\t<\/div>\n\t\t<div id=\"e-n-tab-content-2221732765\" role=\"tabpanel\" aria-labelledby=\"e-n-tab-title-2221732765\" data-tab-index=\"5\" style=\"--n-tabs-title-order: 5;\" class=\" elementor-element elementor-element-6edd5f8 e-con-full e-flex e-con e-child\" data-id=\"6edd5f8\" data-element_type=\"container\">\n\t\t\t\t<div class=\"elementor-element elementor-element-25585f0 elementor-widget elementor-widget-html\" data-id=\"25585f0\" data-element_type=\"widget\" data-widget_type=\"html.default\">\n\t\t\t\t<div class=\"elementor-widget-container\">\n\t\t\t\t\t\n<iframe src=\"https:\/\/boka.se\/calendars\/tgpfmz6b#resourceId=8zeazikr\" width=\"1100\" height=\"1500\" frameborder=\"0\" scrolling=\"auto\"><\/iframe>\t\t\t\t<\/div>\n\t\t\t\t<\/div>\n\t\t\t\t<\/div>\n\t\t<div id=\"e-n-tab-content-2221732766\" role=\"tabpanel\" aria-labelledby=\"e-n-tab-title-2221732766\" data-tab-index=\"6\" style=\"--n-tabs-title-order: 6;\" class=\" elementor-element elementor-element-f7ca142 e-con-full e-flex e-con e-child\" data-id=\"f7ca142\" data-element_type=\"container\">\n\t\t\t\t<div class=\"elementor-element elementor-element-887c456 elementor-widget elementor-widget-html\" data-id=\"887c456\" data-element_type=\"widget\" data-widget_type=\"html.default\">\n\t\t\t\t<div class=\"elementor-widget-container\">\n\t\t\t\t\t\n<iframe src=\"https:\/\/boka.se\/calendars\/tgpfmz6b#resourceId=238yfz29\" width=\"1100\" height=\"1500\" frameborder=\"0\" scrolling=\"auto\"><\/iframe>\t\t\t\t<\/div>\n\t\t\t\t<\/div>\n\t\t\t\t<\/div>\n\t\t<div id=\"e-n-tab-content-2221732767\" role=\"tabpanel\" aria-labelledby=\"e-n-tab-title-2221732767\" data-tab-index=\"7\" style=\"--n-tabs-title-order: 7;\" class=\" elementor-element elementor-element-ea58367 e-flex e-con-boxed e-con e-child\" data-id=\"ea58367\" data-element_type=\"container\">\n\t\t\t\t\t<div class=\"e-con-inner\">\n\t\t\t\t<div class=\"elementor-element elementor-element-523eaa8 elementor-widget elementor-widget-html\" data-id=\"523eaa8\" data-element_type=\"widget\" data-widget_type=\"html.default\">\n\t\t\t\t<div class=\"elementor-widget-container\">\n\t\t\t\t\t\n<iframe src=\"https:\/\/boka.se\/calendars\/tgpfmz6b#resourceId=f6vt8f9u\" width=\"1100\" height=\"1500\" frameborder=\"0\" scrolling=\"auto\"><\/iframe>\t\t\t\t<\/div>\n\t\t\t\t<\/div>\n\t\t\t\t\t<\/div>\n\t\t\t\t<\/div>\n\t\t\t\t\t<\/div>\n\t\t<\/div>\n\t\t\t\t\t\t<\/div>\n\t\t\t\t<\/div>\n\t\t\t\t\t<\/div>\n\t\t\t\t<\/div>\n\t\t\t\t<\/div>\n\t\t","protected":false},"excerpt":{"rendered":"<p>Boka v\u00e5ra kreativa konferensrum i G\u00f6teborg V\u00e5ra konferensrum i G\u00f6teborg centrum har alla\u00a0 Konferensrum Mira, 2-3 pers Konferensrum Ulla, 2-3 pers Konferensrum Ida, 4-6 pers Konferensrum Tess, 2-3 pers 6-8 pers Konferensrum Nico, 16-18 pers Workshoprum\/creativtrum Bollhavet, 8-12pers Event lounge Innerg\u00e5rden, 150 pers<\/p>\n","protected":false},"author":2,"featured_media":0,"parent":0,"menu_order":0,"comment_status":"closed","ping_status":"closed","template":"","meta":{"_seopress_robots_primary_cat":"","_seopress_titles_title":"Konferensrum i G\u00f6teborg - Walborg Cowork","_seopress_titles_desc":"Konferensrum i G\u00f6teborg - Letar du efter en professionell och inspirerande plats f\u00f6r ditt n\u00e4sta m\u00f6te? P\u00e5 Walborg erbjuder vi konferensrum som \u00e4r utformade f\u00f6r produktivitet och kreativitet.","_seopress_robots_index":"","footnotes":""},"class_list":["post-1371","page","type-page","status-publish","hentry"],"_links":{"self":[{"href":"https:\/\/walborgcowork.com\/sv\/wp-json\/wp\/v2\/pages\/1371","targetHints":{"allow":["GET"]}}],"collection":[{"href":"https:\/\/walborgcowork.com\/sv\/wp-json\/wp\/v2\/pages"}],"about":[{"href":"https:\/\/walborgcowork.com\/sv\/wp-json\/wp\/v2\/types\/page"}],"author":[{"embeddable":true,"href":"https:\/\/walborgcowork.com\/sv\/wp-json\/wp\/v2\/users\/2"}],"replies":[{"embeddable":true,"href":"https:\/\/walborgcowork.com\/sv\/wp-json\/wp\/v2\/comments?post=1371"}],"version-history":[{"count":39,"href":"https:\/\/walborgcowork.com\/sv\/wp-json\/wp\/v2\/pages\/1371\/revisions"}],"predecessor-version":[{"id":1723,"href":"https:\/\/walborgcowork.com\/sv\/wp-json\/wp\/v2\/pages\/1371\/revisions\/1723"}],"wp:attachment":[{"href":"https:\/\/walborgcowork.com\/sv\/wp-json\/wp\/v2\/media?parent=1371"}],"curies":[{"name":"wp","href":"https:\/\/api.w.org\/{rel}","templated":true}]}}